{"id":14,"date":"2024-05-26T13:19:20","date_gmt":"2024-05-26T11:19:20","guid":{"rendered":"https:\/\/toca.joomswers.com\/?page_id=14"},"modified":"2024-06-12T10:23:47","modified_gmt":"2024-06-12T08:23:47","slug":"naslovna","status":"publish","type":"page","link":"https:\/\/todorvacev.rs\/en\/","title":{"rendered":"Naslovna"},"content":{"rendered":"<div data-elementor-type=\"wp-page\" data-elementor-id=\"14\" class=\"elementor elementor-14\" data-elementor-post-type=\"page\">\n\t\t\t\t<div class=\"elementor-element elementor-element-eb91b9f e-flex e-con-boxed e-con e-parent\" data-id=\"eb91b9f\" data-element_type=\"container\" data-settings=\"{&quot;background_background&quot;:&quot;classic&quot;}\">\n\t\t\t\t\t<div class=\"e-con-inner\">\n\t\t\t\t<div class=\"elementor-element elementor-element-e709cef elementor-invisible elementor-widget elementor-widget-heading\" data-id=\"e709cef\" data-element_type=\"widget\" data-settings=\"{&quot;_animation&quot;:&quot;slideInDown&quot;}\" data-widget_type=\"heading.default\">\n\t\t\t\t<div class=\"elementor-widget-container\">\n\t\t\t<style>\/*! elementor - v3.22.0 - 17-06-2024 *\/\n.elementor-heading-title{padding:0;margin:0;line-height:1}.elementor-widget-heading .elementor-heading-title[class*=elementor-size-]>a{color:inherit;font-size:inherit;line-height:inherit}.elementor-widget-heading .elementor-heading-title.elementor-size-small{font-size:15px}.elementor-widget-heading .elementor-heading-title.elementor-size-medium{font-size:19px}.elementor-widget-heading .elementor-heading-title.elementor-size-large{font-size:29px}.elementor-widget-heading .elementor-heading-title.elementor-size-xl{font-size:39px}.elementor-widget-heading .elementor-heading-title.elementor-size-xxl{font-size:59px}<\/style><h2 class=\"elementor-heading-title elementor-size-default\">Design and optimization of metal and other building structures, analysis of complex structural problems<\/h2>\t\t<\/div>\n\t\t\t\t<\/div>\n\t\t\t\t\t<\/div>\n\t\t\t\t<\/div>\n\t\t<div class=\"elementor-element elementor-element-8c3ff22 e-flex e-con-boxed e-con e-parent\" data-id=\"8c3ff22\" data-element_type=\"container\">\n\t\t\t\t\t<div class=\"e-con-inner\">\n\t\t\t\t<div class=\"elementor-element elementor-element-fe4e8cb elementor-invisible elementor-widget elementor-widget-text-editor\" data-id=\"fe4e8cb\" data-element_type=\"widget\" data-settings=\"{&quot;_animation&quot;:&quot;slideInUp&quot;}\" data-widget_type=\"text-editor.default\">\n\t\t\t\t<div class=\"elementor-widget-container\">\n\t\t\t<style>\/*! elementor - v3.22.0 - 17-06-2024 *\/\n.elementor-widget-text-editor.elementor-drop-cap-view-stacked .elementor-drop-cap{background-color:#69727d;color:#fff}.elementor-widget-text-editor.elementor-drop-cap-view-framed .elementor-drop-cap{color:#69727d;border:3px solid;background-color:transparent}.elementor-widget-text-editor:not(.elementor-drop-cap-view-default) .elementor-drop-cap{margin-top:8px}.elementor-widget-text-editor:not(.elementor-drop-cap-view-default) .elementor-drop-cap-letter{width:1em;height:1em}.elementor-widget-text-editor .elementor-drop-cap{float:left;text-align:center;line-height:1;font-size:50px}.elementor-widget-text-editor .elementor-drop-cap-letter{display:inline-block}<\/style>\t\t\t\t<p>Welcome to the professional website of Todor Vacev, PhD, full professor, Civil Eng.<\/p><p>With over 38 years of professional experience, prof. Vacev gained high expertise through work at the Faculty of Civil Engineering and Architecture (FCEA) of the University of Ni\u0161 and as a designer at the MIN-INSTITUTE Ni\u0161.<\/p><p>During his career, he was the author of projects for dozens of objects, mostly metal structures, as well as a large number of expertise in the same field.<\/p>\t\t\t\t\t\t<\/div>\n\t\t\t\t<\/div>\n\t\t\t\t\t<\/div>\n\t\t\t\t<\/div>\n\t\t<div class=\"elementor-element elementor-element-346b44a e-flex e-con-boxed e-con e-parent\" data-id=\"346b44a\" data-element_type=\"container\" data-settings=\"{&quot;background_background&quot;:&quot;classic&quot;}\">\n\t\t\t\t\t<div class=\"e-con-inner\">\n\t\t<div class=\"elementor-element elementor-element-036e767 e-con-full e-flex e-con e-child\" data-id=\"036e767\" data-element_type=\"container\">\n\t\t\t\t<div class=\"elementor-element elementor-element-860ddb1 elementor-widget elementor-widget-text-editor\" data-id=\"860ddb1\" data-element_type=\"widget\" data-widget_type=\"text-editor.default\">\n\t\t\t\t<div class=\"elementor-widget-container\">\n\t\t\t\t\t\t\t<p>Prof. Vacev holds licenses for the design of all types of building constructions, including high-rise construction, low-rise construction and hydraulic engineering, as well as for architectural projects. His specialization includes the application of modern engineering software based on the Finite Element Method (FEM), which enables solving complex design problems and optimizing structures.<\/p>\t\t\t\t\t\t<\/div>\n\t\t\t\t<\/div>\n\t\t\t\t<\/div>\n\t\t<div class=\"elementor-element elementor-element-09c7555 e-con-full e-flex e-con e-child\" data-id=\"09c7555\" data-element_type=\"container\">\n\t\t\t\t<div class=\"elementor-element elementor-element-ef2d84d elementor-widget elementor-widget-image\" data-id=\"ef2d84d\" data-element_type=\"widget\" data-widget_type=\"image.default\">\n\t\t\t\t<div class=\"elementor-widget-container\">\n\t\t\t<style>\/*! elementor - v3.22.0 - 17-06-2024 *\/\n.elementor-widget-image{text-align:center}.elementor-widget-image a{display:inline-block}.elementor-widget-image a img[src$=\".svg\"]{width:48px}.elementor-widget-image img{vertical-align:middle;display:inline-block}<\/style>\t\t\t\t\t\t\t\t\t\t<img fetchpriority=\"high\" decoding=\"async\" width=\"489\" height=\"600\" src=\"https:\/\/todorvacev.rs\/wp-content\/uploads\/2024\/06\/main-3.png\" class=\"attachment-large size-large wp-image-500\" alt=\"\" srcset=\"https:\/\/todorvacev.rs\/wp-content\/uploads\/2024\/06\/main-3.png 489w, https:\/\/todorvacev.rs\/wp-content\/uploads\/2024\/06\/main-3-245x300.png 245w\" sizes=\"(max-width: 489px) 100vw, 489px\" \/>\t\t\t\t\t\t\t\t\t\t\t\t\t<\/div>\n\t\t\t\t<\/div>\n\t\t\t\t<\/div>\n\t\t\t\t\t<\/div>\n\t\t\t\t<\/div>\n\t\t<div class=\"elementor-element elementor-element-ded99e7 e-flex e-con-boxed e-con e-parent\" data-id=\"ded99e7\" data-element_type=\"container\">\n\t\t\t\t\t<div class=\"e-con-inner\">\n\t\t<div class=\"elementor-element elementor-element-ff5ab7b e-con-full e-flex e-con e-child\" data-id=\"ff5ab7b\" data-element_type=\"container\">\n\t\t\t\t<div class=\"elementor-element elementor-element-b9830e9 elementor-widget elementor-widget-image\" data-id=\"b9830e9\" data-element_type=\"widget\" data-widget_type=\"image.default\">\n\t\t\t\t<div class=\"elementor-widget-container\">\n\t\t\t\t\t\t\t\t\t\t\t\t\t<img decoding=\"async\" width=\"600\" height=\"600\" src=\"https:\/\/todorvacev.rs\/wp-content\/uploads\/2024\/06\/main-2.jpg\" class=\"attachment-large size-large wp-image-493\" alt=\"\" srcset=\"https:\/\/todorvacev.rs\/wp-content\/uploads\/2024\/06\/main-2.jpg 600w, https:\/\/todorvacev.rs\/wp-content\/uploads\/2024\/06\/main-2-300x300.jpg 300w, https:\/\/todorvacev.rs\/wp-content\/uploads\/2024\/06\/main-2-150x150.jpg 150w\" sizes=\"(max-width: 600px) 100vw, 600px\" \/>\t\t\t\t\t\t\t\t\t\t\t\t\t<\/div>\n\t\t\t\t<\/div>\n\t\t\t\t<\/div>\n\t\t<div class=\"elementor-element elementor-element-8e47238 e-con-full e-flex e-con e-child\" data-id=\"8e47238\" data-element_type=\"container\">\n\t\t\t\t<div class=\"elementor-element elementor-element-aa54fff elementor-widget elementor-widget-text-editor\" data-id=\"aa54fff\" data-element_type=\"widget\" data-widget_type=\"text-editor.default\">\n\t\t\t\t<div class=\"elementor-widget-container\">\n\t\t\t\t\t\t\t<p>The results of the academic work are six published scientific papers as an author, and three as a co-author in prestigious international journals, as well as three professional books. He participated in numerous scientific meetings, making a special contribution in the field of <em>stressed-skin<\/em> concept design, wind engineering and optimization of metal structures.<\/p>\t\t\t\t\t\t<\/div>\n\t\t\t\t<\/div>\n\t\t\t\t<div class=\"elementor-element elementor-element-6aba3e8 elementor-widget elementor-widget-button\" data-id=\"6aba3e8\" data-element_type=\"widget\" data-widget_type=\"button.default\">\n\t\t\t\t<div class=\"elementor-widget-container\">\n\t\t\t\t\t<div class=\"elementor-button-wrapper\">\n\t\t\t<a class=\"elementor-button elementor-button-link elementor-size-sm\" href=\"https:\/\/todorvacev.rs\/en\/realizovani-projekti\/\">\n\t\t\t\t\t\t<span class=\"elementor-button-content-wrapper\">\n\t\t\t\t\t\t<span class=\"elementor-button-icon\">\n\t\t\t\t<svg aria-hidden=\"true\" class=\"e-font-icon-svg e-fas-pencil-ruler\" viewbox=\"0 0 512 512\" xmlns=\"http:\/\/www.w3.org\/2000\/svg\"><path d=\"M109.46 244.04l134.58-134.56-44.12-44.12-61.68 61.68a7.919 7.919 0 0 1-11.21 0l-11.21-11.21c-3.1-3.1-3.1-8.12 0-11.21l61.68-61.68-33.64-33.65C131.47-3.1 111.39-3.1 99 9.29L9.29 99c-12.38 12.39-12.39 32.47 0 44.86l100.17 100.18zm388.47-116.8c18.76-18.76 18.75-49.17 0-67.93l-45.25-45.25c-18.76-18.76-49.18-18.76-67.95 0l-46.02 46.01 113.2 113.2 46.02-46.03zM316.08 82.71l-297 296.96L.32 487.11c-2.53 14.49 10.09 27.11 24.59 24.56l107.45-18.84L429.28 195.9 316.08 82.71zm186.63 285.43l-33.64-33.64-61.68 61.68c-3.1 3.1-8.12 3.1-11.21 0l-11.21-11.21c-3.09-3.1-3.09-8.12 0-11.21l61.68-61.68-44.14-44.14L267.93 402.5l100.21 100.2c12.39 12.39 32.47 12.39 44.86 0l89.71-89.7c12.39-12.39 12.39-32.47 0-44.86z\"><\/path><\/svg>\t\t\t<\/span>\n\t\t\t\t\t\t\t\t\t<span class=\"elementor-button-text\">Projects<\/span>\n\t\t\t\t\t<\/span>\n\t\t\t\t\t<\/a>\n\t\t<\/div>\n\t\t\t\t<\/div>\n\t\t\t\t<\/div>\n\t\t\t\t<\/div>\n\t\t\t\t\t<\/div>\n\t\t\t\t<\/div>\n\t\t\t\t<\/div>","protected":false},"excerpt":{"rendered":"<p>Projektovanje i optimizacija metalnih i drugih gra\u0111evinskih konstrukcija, analiza slo\u017eenih konstrukterskih problema Dobro do\u0161li na profesionalni sajt Prof. dr Todora Vaceva,\u00a0diplomiranog gra\u0111evinskog in\u017eenjera. Sa preko 38 godina profesionalnog iskustva, prof. Vacev je stekao visoku stru\u010dnost kroz rad na Gra\u0111evinsko-arhitektonskom fakultetu Univerziteta u Ni\u0161u i kao projektant u MIN-INSTITUT-u Ni\u0161. Tokom karijere bio je autor projekata [&hellip;]<\/p>","protected":false},"author":1,"featured_media":0,"parent":0,"menu_order":0,"comment_status":"closed","ping_status":"closed","template":"","meta":{"_acf_changed":false,"footnotes":""},"class_list":["post-14","page","type-page","status-publish","hentry"],"acf":[],"_links":{"self":[{"href":"https:\/\/todorvacev.rs\/en\/wp-json\/wp\/v2\/pages\/14","targetHints":{"allow":["GET"]}}],"collection":[{"href":"https:\/\/todorvacev.rs\/en\/wp-json\/wp\/v2\/pages"}],"about":[{"href":"https:\/\/todorvacev.rs\/en\/wp-json\/wp\/v2\/types\/page"}],"author":[{"embeddable":true,"href":"https:\/\/todorvacev.rs\/en\/wp-json\/wp\/v2\/users\/1"}],"replies":[{"embeddable":true,"href":"https:\/\/todorvacev.rs\/en\/wp-json\/wp\/v2\/comments?post=14"}],"version-history":[{"count":69,"href":"https:\/\/todorvacev.rs\/en\/wp-json\/wp\/v2\/pages\/14\/revisions"}],"predecessor-version":[{"id":610,"href":"https:\/\/todorvacev.rs\/en\/wp-json\/wp\/v2\/pages\/14\/revisions\/610"}],"wp:attachment":[{"href":"https:\/\/todorvacev.rs\/en\/wp-json\/wp\/v2\/media?parent=14"}],"curies":[{"name":"wp","href":"https:\/\/api.w.org\/{rel}","templated":true}]}}