{"id":45,"date":"2024-05-26T21:51:23","date_gmt":"2024-05-26T19:51:23","guid":{"rendered":"https:\/\/toca.joomswers.com\/?page_id=45"},"modified":"2024-06-11T13:51:39","modified_gmt":"2024-06-11T11:51:39","slug":"o-meni","status":"publish","type":"page","link":"https:\/\/todorvacev.rs\/en\/o-meni\/","title":{"rendered":"About me"},"content":{"rendered":"<div data-elementor-type=\"wp-page\" data-elementor-id=\"45\" class=\"elementor elementor-45\" data-elementor-post-type=\"page\">\n\t\t\t\t<div class=\"elementor-element elementor-element-8565ac0 e-flex e-con-boxed e-con e-parent\" data-id=\"8565ac0\" data-element_type=\"container\">\n\t\t\t\t\t<div class=\"e-con-inner\">\n\t\t<div class=\"elementor-element elementor-element-7cfc92e e-con-full e-flex e-con e-child\" data-id=\"7cfc92e\" data-element_type=\"container\">\n\t\t\t\t<div class=\"elementor-element elementor-element-309d745 elementor-widget elementor-widget-image\" data-id=\"309d745\" data-element_type=\"widget\" data-widget_type=\"image.default\">\n\t\t\t\t<div class=\"elementor-widget-container\">\n\t\t\t<style>\/*! elementor - v3.22.0 - 17-06-2024 *\/\n.elementor-widget-image{text-align:center}.elementor-widget-image a{display:inline-block}.elementor-widget-image a img[src$=\".svg\"]{width:48px}.elementor-widget-image img{vertical-align:middle;display:inline-block}<\/style>\t\t\t\t\t\t\t\t\t\t<img fetchpriority=\"high\" decoding=\"async\" width=\"512\" height=\"512\" src=\"https:\/\/todorvacev.rs\/wp-content\/uploads\/2024\/05\/Todor-Vacev-2.jpg\" class=\"attachment-large size-large wp-image-46\" alt=\"\" srcset=\"https:\/\/todorvacev.rs\/wp-content\/uploads\/2024\/05\/Todor-Vacev-2.jpg 512w, https:\/\/todorvacev.rs\/wp-content\/uploads\/2024\/05\/Todor-Vacev-2-300x300.jpg 300w, https:\/\/todorvacev.rs\/wp-content\/uploads\/2024\/05\/Todor-Vacev-2-150x150.jpg 150w\" sizes=\"(max-width: 512px) 100vw, 512px\" \/>\t\t\t\t\t\t\t\t\t\t\t\t\t<\/div>\n\t\t\t\t<\/div>\n\t\t\t\t<div class=\"elementor-element elementor-element-5910a5d elementor-widget elementor-widget-text-editor\" data-id=\"5910a5d\" data-element_type=\"widget\" data-widget_type=\"text-editor.default\">\n\t\t\t\t<div class=\"elementor-widget-container\">\n\t\t\t<style>\/*! elementor - v3.22.0 - 17-06-2024 *\/\n.elementor-widget-text-editor.elementor-drop-cap-view-stacked .elementor-drop-cap{background-color:#69727d;color:#fff}.elementor-widget-text-editor.elementor-drop-cap-view-framed .elementor-drop-cap{color:#69727d;border:3px solid;background-color:transparent}.elementor-widget-text-editor:not(.elementor-drop-cap-view-default) .elementor-drop-cap{margin-top:8px}.elementor-widget-text-editor:not(.elementor-drop-cap-view-default) .elementor-drop-cap-letter{width:1em;height:1em}.elementor-widget-text-editor .elementor-drop-cap{float:left;text-align:center;line-height:1;font-size:50px}.elementor-widget-text-editor .elementor-drop-cap-letter{display:inline-block}<\/style>\t\t\t\t<p>Todor Vacev, PhD, full professor, Civil Eng.<\/p>\t\t\t\t\t\t<\/div>\n\t\t\t\t<\/div>\n\t\t\t\t<\/div>\n\t\t<div class=\"elementor-element elementor-element-8914398 e-con-full e-flex e-con e-child\" data-id=\"8914398\" data-element_type=\"container\">\n\t\t\t\t<div class=\"elementor-element elementor-element-c8f57b1 elementor-widget elementor-widget-heading\" data-id=\"c8f57b1\" data-element_type=\"widget\" data-widget_type=\"heading.default\">\n\t\t\t\t<div class=\"elementor-widget-container\">\n\t\t\t<style>\/*! elementor - v3.22.0 - 17-06-2024 *\/\n.elementor-heading-title{padding:0;margin:0;line-height:1}.elementor-widget-heading .elementor-heading-title[class*=elementor-size-]>a{color:inherit;font-size:inherit;line-height:inherit}.elementor-widget-heading .elementor-heading-title.elementor-size-small{font-size:15px}.elementor-widget-heading .elementor-heading-title.elementor-size-medium{font-size:19px}.elementor-widget-heading .elementor-heading-title.elementor-size-large{font-size:29px}.elementor-widget-heading .elementor-heading-title.elementor-size-xl{font-size:39px}.elementor-widget-heading .elementor-heading-title.elementor-size-xxl{font-size:59px}<\/style><h2 class=\"elementor-heading-title elementor-size-default\">Education<\/h2>\t\t<\/div>\n\t\t\t\t<\/div>\n\t\t\t\t<div class=\"elementor-element elementor-element-1fa7990 elementor-widget elementor-widget-text-editor\" data-id=\"1fa7990\" data-element_type=\"widget\" data-widget_type=\"text-editor.default\">\n\t\t\t\t<div class=\"elementor-widget-container\">\n\t\t\t\t\t\t\t<p>1984 graduated from the Faculty of Civil Engineering in Ni\u0161, majoring in civil engineering.\u00a0<br \/>2004 obtained his master's degree from the Faculty of Civil Engineering and Architecture (FCEA), University of Ni\u0161, with the thesis topic \"Modeling and optimization of nodal joint of steel space truss\"<br \/>2009 obtained his PhD degree from the Faculty of Technical Sciences, University of Novi Sad, with the thesis topic \"Optimal solution of steel space truss nodes using nonlinear analysis\"<br \/>2012 attended a seminar on the application of ANSYS software <em>ANSYS<\/em> in structural analysis.<\/p>\t\t\t\t\t\t<\/div>\n\t\t\t\t<\/div>\n\t\t\t\t<div class=\"elementor-element elementor-element-51096e1 elementor-widget elementor-widget-heading\" data-id=\"51096e1\" data-element_type=\"widget\" data-widget_type=\"heading.default\">\n\t\t\t\t<div class=\"elementor-widget-container\">\n\t\t\t<h2 class=\"elementor-heading-title elementor-size-default\">Academic Career<\/h2>\t\t<\/div>\n\t\t\t\t<\/div>\n\t\t\t\t<div class=\"elementor-element elementor-element-f160528 elementor-widget elementor-widget-text-editor\" data-id=\"f160528\" data-element_type=\"widget\" data-widget_type=\"text-editor.default\">\n\t\t\t\t<div class=\"elementor-widget-container\">\n\t\t\t\t\t\t\t<p>From 2010 to 2023 teacher at the Faculty of Civil Engineering and Architecture of the University of Ni\u0161 in the area of METAL STRUCTURES, with the last title of full professor.<\/p>\n<p>During his university career, he taught undergraduate, master's and doctoral studies, as well as several courses for engineers and faculty teachers in the field of application of engineering software SDRC I-DEAS, FEMAP\/NASTRAN and ANSYS. <em>SDRC I-DEAS, FEMAP\/NASTRAN <\/em>i<em> ANSYS.<\/em><\/p>\n<p>He is the author of two textbooks and one monograph in the field of metal structures:<\/p>\n<p>- Auxiliary textbook \"Collection of solved tasks from metal structures\" (2015)<\/p>\n<p>- Basic textbook \"Special metal structures\" (2021)<\/p>\n<p>- Monograph \"Advanced FEM analysis of some structural solutions of steel halls\" (2022).<\/p>\n<p>Until 2023 he published six scientific papers as an author and three as a co-author in top international journals and dozens of scientific papers in domestic journals and at scientific conferences.<\/p>\n<p>Citations of scientific works according to the scientific database <a href=\"https:\/\/scholar.google.com\">https:\/\/scholar.google.com<\/a>: total number of citations: 95 <em>h-index<\/em>: 5, <em>and, 10-index<\/em>: 4.<\/p>\n<p>Participant in the projects of the Ministry of Science and Technological Development of the Republic of Serbia.<\/p>\n<p class=\" translation-block\"><strong>Special fields of interest: stressed-skin design concept, wind engineering, computational fluid dynamics (CFD).<\/strong><\/p>\t\t\t\t\t\t<\/div>\n\t\t\t\t<\/div>\n\t\t\t\t<div class=\"elementor-element elementor-element-386297a elementor-widget elementor-widget-heading\" data-id=\"386297a\" data-element_type=\"widget\" data-widget_type=\"heading.default\">\n\t\t\t\t<div class=\"elementor-widget-container\">\n\t\t\t<h2 class=\"elementor-heading-title elementor-size-default\">Professional career<\/h2>\t\t<\/div>\n\t\t\t\t<\/div>\n\t\t\t\t<div class=\"elementor-element elementor-element-1f1ad84 elementor-widget elementor-widget-text-editor\" data-id=\"1f1ad84\" data-element_type=\"widget\" data-widget_type=\"text-editor.default\">\n\t\t\t\t<div class=\"elementor-widget-container\">\n\t\t\t\t\t\t\t<p>From 1986-2010 employed at the MIN-INSTITUTE Ni\u0161 as a designer and development engineer of metal and other engineering structures, with the application of modern engineering software.<\/p><p>From 2010-2023 employed at the Faculty of Civil Engineering and Architecture at the University of Ni\u0161.<\/p><p>1991 passed the professional exam for a graduate civil engineer.<\/p><p>2004 became a member of the Serbian Chamber of Engineers.<\/p><p><strong>Holds design licenses:<\/strong><\/p><p>- 310I0069019 - responsible designer of high-rise construction, civil engineering and hydraulic construction;<br \/>- 317797804 - responsible designer of building structures and architectural projects.<\/p><p>2012 became a member of the Committee for Standards and Related Documents KS U250-3,4,9 - Calculation of steel structures, coupled structures made of steel and concrete and aluminum structures, within the Institute for Standardization of the Republic of Serbia.<\/p><p>2016 became a member of the Society of Structural Engineers of Serbia.<\/p><p>2020 appointed by the Institute for Standardization of the Republic of Serbia as a member of the international working group at the European Committee for Standardization, CEN\/TC 250 \/ SC3 \/ WG22, for the development of the European standard EN 1993-1-14 Design of Steel Structures - Design of steel structures \u2014 Part 1-14: Design assisted by finite element analysis.<\/p><p>Designer of dozens of objects, mostly in the field of metal structures, most of which have been executed.<\/p><p>Years of professional experience: 38.<\/p><p>Author and co-author of several expertises in the same field.<\/p><p>Succesfully applies the Finite Element Method (FEM) and top engineering software.<\/p><p><strong>Languages:<\/strong><br \/>Serbian: native.<br \/>English: fluent, engaged in translating professional texts and literature from English to Serbian and vice versa.<br \/>Greek: conversational.<\/p><p><strong>Special fields of interest: nonlinear analysis of complex design problems using FEM and top software, optimization of metal and other structures.<\/strong><\/p>\t\t\t\t\t\t<\/div>\n\t\t\t\t<\/div>\n\t\t\t\t<\/div>\n\t\t\t\t\t<\/div>\n\t\t\t\t<\/div>\n\t\t\t\t<\/div>","protected":false},"excerpt":{"rendered":"<p>Prof. dr Todor Vacev, dipl. gra\u0111. in\u017e. Obrazovanje 1984. god. diplomirao na Gra\u0111evinskom fakultetu u Ni\u0161u, smer visokogradnja.\u00a02004. god. odbranio magistarsku tezu sa temom &#8222;Modeliranje i optimizacija \u010dvorne spojnice \u010deli\u010dne prostorne re\u0161etke&#8220; na Gra\u0111evinsko-arhitektonskom fakultetu (GAF) Univerziteta u Ni\u0161u2009. god. odbranio doktorsku disertaciju sa temom &#8222;Optimalno re\u0161enje \u010dvora \u010deli\u010dne prostorne re\u0161etke primenom nelinearne analize&#8220; na [&hellip;]<\/p>","protected":false},"author":1,"featured_media":0,"parent":0,"menu_order":0,"comment_status":"closed","ping_status":"closed","template":"","meta":{"_acf_changed":false,"footnotes":""},"class_list":["post-45","page","type-page","status-publish","hentry"],"acf":[],"_links":{"self":[{"href":"https:\/\/todorvacev.rs\/en\/wp-json\/wp\/v2\/pages\/45","targetHints":{"allow":["GET"]}}],"collection":[{"href":"https:\/\/todorvacev.rs\/en\/wp-json\/wp\/v2\/pages"}],"about":[{"href":"https:\/\/todorvacev.rs\/en\/wp-json\/wp\/v2\/types\/page"}],"author":[{"embeddable":true,"href":"https:\/\/todorvacev.rs\/en\/wp-json\/wp\/v2\/users\/1"}],"replies":[{"embeddable":true,"href":"https:\/\/todorvacev.rs\/en\/wp-json\/wp\/v2\/comments?post=45"}],"version-history":[{"count":21,"href":"https:\/\/todorvacev.rs\/en\/wp-json\/wp\/v2\/pages\/45\/revisions"}],"predecessor-version":[{"id":593,"href":"https:\/\/todorvacev.rs\/en\/wp-json\/wp\/v2\/pages\/45\/revisions\/593"}],"wp:attachment":[{"href":"https:\/\/todorvacev.rs\/en\/wp-json\/wp\/v2\/media?parent=45"}],"curies":[{"name":"wp","href":"https:\/\/api.w.org\/{rel}","templated":true}]}}